{"id":43,"date":"2021-01-17T14:57:53","date_gmt":"2021-01-17T17:57:53","guid":{"rendered":"http:\/\/luanacunhaadv.com.br\/?page_id=43"},"modified":"2026-01-07T08:05:52","modified_gmt":"2026-01-07T11:05:52","slug":"one-page-express","status":"publish","type":"page","link":"https:\/\/luanacunhaadv.com.br\/","title":{"rendered":"Front Page"},"content":{"rendered":"<div  id=\"overlapable-2\" style=\"background-color: #ffffff;\" data-label=\"Overlapable\" data-id=\"stripped-coloured-icon-boxes\" data-category=\"overlapable\" class=\"features-coloured-icon-boxes-section\" data-overlap=\"true\"> <div  class=\"gridContainer\"> <div  class=\"features-coloured-icon-boxes-innerrow flexbox-list dark-text\" data-type=\"row\"> <div  class=\"features-coloured-icon-boxes-featurecol cp3cols\"> <div  class=\"features-coloured-icon-boxes-iconcontainer\" data-content-item-container=\"true\"> <i  data-cp-fa=\"true\" class=\"features-coloured-icon fa fa-venus-mars\"><\/i> <\/div> <h4  class=\"\">Div\u00f3rcios<\/h4> <p  class=\"\">Solu\u00e7\u00f5es r\u00e1pidas para div\u00f3rcios concensuais (amig\u00e1veis) e litigiosos (jur\u00eddicos)<\/p>  <\/div> <div  class=\"features-coloured-icon-boxes-featurecol cp3cols\"> <div  class=\"features-coloured-icon-boxes-iconcontainer\" data-content-item-container=\"true\"> <i  data-cp-fa=\"true\" class=\"features-coloured-icon fa fa-child\"><\/i> <\/div> <h4  class=\"\">Pens\u00e3o Aliment\u00edcia<\/h4> <p  class=\"\">Solicita\u00e7\u00e3o de quantia para manuten\u00e7\u00e3o dos filhos e revis\u00e3o de valores fixados<\/p>  <\/div> <div  class=\"features-coloured-icon-boxes-featurecol cp3cols\"> <div  class=\"features-coloured-icon-boxes-iconcontainer\" data-content-item-container=\"true\"> <i  data-cp-fa=\"true\" class=\"features-coloured-icon fa fa-group\"><\/i> <\/div> <h4  class=\"\">Regulamenta\u00e7\u00e3o de Guardas e Visitas<\/h4> <p  class=\"\">Acordos para regulamenta\u00e7\u00e3o da rotina e conviv\u00eancia de filhos(as) e pais<\/p>  <\/div> <div  class=\"features-coloured-icon-boxes-featurecol cp3cols\"> <div  class=\"features-coloured-icon-boxes-iconcontainer\" data-content-item-container=\"true\"> <i  data-cp-fa=\"true\" class=\"features-coloured-icon fa fa-edit\"><\/i> <\/div> <h4  class=\"\">Invent\u00e1rios e Testamentos<\/h4> <p  class=\"\">Levantamento de bens e valores ap\u00f3s falecimento e procedimento de partilha; elabora\u00e7\u00e3o de documento de bens para futura divis\u00e3o familiar<\/p>  <\/div> <\/div> <\/div><\/div><div  id=\"about-1\" style=\"background-color: #f6f6f6;\" data-label=\"About\" data-id=\"about-big-images-section\" data-category=\"about\" class=\"about-big-images-section\"> <div  class=\"gridContainer\"> <div  class=\"about-big-images-textrow\"> <div  class=\"about-big-images-textcol dynamic-color\" data-type=\"column\"> <h5  class=\"\">Sobre N\u00f3s<\/h5> <h3  class=\"\">Dra. Luana C Cunha<\/h3> <p  class=\"\">Advogada dedicada e experiente&nbsp; com mais de cinco anos de experi\u00eancia em advocacia familiar e sucess\u00f3ria. Atua na cidade de Limeira e regi\u00e3o de forma online e presencial.<\/p>  <img decoding=\"async\"  class=\"custom-image\" src=\"http:\/\/luanacunhaadv.com.br\/wp-content\/uploads\/2021\/01\/luana70.jpg\" alt=\"Luana Cunha\"><\/div> <\/div> <\/div> <div  class=\"about-big-images-bottomrow\"> <div  class=\"about-big-images-leftimgcol\"><img decoding=\"async\"  class=\"about-big-images-leftimg\" src=\"http:\/\/luanacunhaadv.com.br\/wp-content\/uploads\/2021\/01\/alianca.jpg\" alt=\"\"> <\/div> <div  class=\"about-big-images-centerimgcol\"><img decoding=\"async\"  class=\"about-big-images-centerimg\" src=\"http:\/\/luanacunhaadv.com.br\/wp-content\/uploads\/2021\/01\/pensao.jpg\" alt=\"\"> <\/div> <div  class=\"about-big-images-rightimgcol\"><img decoding=\"async\"  class=\"about-big-images-rightimg\" src=\"http:\/\/luanacunhaadv.com.br\/wp-content\/uploads\/2021\/01\/inventario.jpg\" alt=\"\"> <\/div> <\/div> <\/div><div  id=\"testimonials-1\" style=\"background-color: #f6f6f6;\" data-label=\"Testimonials\" data-id=\"testimonials-boxed-section\" data-category=\"testimonials\" class=\"testimonials-boxed-section\"> <div  class=\"gridContainer\"> <div  class=\"testimonials-boxed-textcol dynamic-color\" data-type=\"column\"> <h2  class=\"\">O que nossos clientes dizem<\/h2> <p  class=\"\">Veja abaixo alguns de nossos depoimentos<\/p> <\/div> <div  class=\"testimonials-boxed-itemsrow dark-text\" data-type=\"row\"> <div  class=\"testimonials-boxed-itemcol cp4cols cp6cols-tablet\"> <div  class=\"testimonials-boxed-itemcard\" data-type=\"column\"> <h4  class=\"testimonials-boxed-itemtext\">\u201cA Luana resolveu meu problema de forma r\u00e1pida e eficaz.\u201d<\/h4><img decoding=\"async\"  class=\"testimonials-boxed-itemimg\" data-size=\"500x500\" src=\"http:\/\/luanacunhaadv.com.br\/wp-content\/uploads\/2021\/01\/cropped-thais.jpg\" alt=\"\"> <h5  class=\"testimonials-boxed-itemname\">Tha\u00eds Rossetto<\/h5>  <\/div> <\/div> <div  class=\"testimonials-boxed-itemcol cp4cols cp6cols-tablet\"> <div  class=\"testimonials-boxed-itemcard\" data-type=\"column\"> <h4  class=\"testimonials-boxed-itemtext\">\u201c\u00d3tima Advogada. Muito comprometida e confi\u00e1vel, al\u00e9m de ser uma \u00f3tima pessoa. Recomendo.\u201d<\/h4><img decoding=\"async\"  class=\"testimonials-boxed-itemimg\" data-size=\"500x500\" src=\"http:\/\/luanacunhaadv.com.br\/wp-content\/uploads\/2021\/01\/cropped-17349764_1294843067262983_6254598053293414979_o-1-1.jpg\" alt=\"\"> <h5  class=\"testimonials-boxed-itemname\">Leandro Gedolin<\/h5>  <\/div> <\/div> <div  class=\"testimonials-boxed-itemcol cp4cols cp6cols-tablet\"> <div  class=\"testimonials-boxed-itemcard\" data-type=\"column\"> <h4  class=\"testimonials-boxed-itemtext\">\u201cA Luana foi muito respons\u00e1vel e resolveu o meu problema com agilidade.\u201d<\/h4><img decoding=\"async\"  class=\"testimonials-boxed-itemimg\" data-size=\"500x500\" src=\"http:\/\/luanacunhaadv.com.br\/wp-content\/uploads\/2021\/01\/cropped-bruna.jpg\" alt=\"\"> <h5  class=\"testimonials-boxed-itemname\">Bruna Aparecida<\/h5>  <\/div> <\/div> <\/div> <\/div><\/div><div  id=\"latest-posts\" style=\"background-color: #ffffff;\" data-label=\"Latest posts\" data-id=\"blog-section\" data-category=\"latest_news\" class=\"blog-section\"> <div  class=\"gridContainer\"> <div  class=\"blog-textrow\"> <div  class=\"blog-textcol dynamic-color\" data-type=\"column\"> <h2  class=\"\">Ultimas not\u00edcias<\/h2> <p  class=\"\">Acompanhe aqui nossos \u00faltimos posts!<\/p> <\/div> <\/div> <div  class=\"blog-postsrow dark-text\" data-type=\"row\" data-dynamic-columns=\"one_page_express_latest_news_columns\" data-content-shortcode=\"one_page_express_latest_news\">\t\t\t<div id=\"post-94\" class=\"blog-postcol cp4cols\">\n\t\t\t<div class=\"post-content\">\n\t\t\t\t\t\t\t\t<div class=\"row_345\">\n\t\t\t\t\t<h3 class=\"blog-title\">\n\t\t\t\t\t\t<a href=\"https:\/\/luanacunhaadv.com.br\/?p=94\" rel=\"bookmark\">\n\t\t\t\t\t\t\t\u201cEstou desempregado e n\u00e3o vou pagar pens\u00e3o aliment\u00edcia\u201d.\t\t\t\t\t\t<\/a>\n\t\t\t\t\t<\/h3>\n\t\t\t\t\t<p>Quem j\u00e1 ouviu esse termo do pai, justificando o n\u00e3o pagamento da obriga\u00e7\u00e3o alimentar? Por\u00e9m o desemprego NA\u0303O JUSTIFICA o descumprimento volunta\u0301rio da obrigac\u0327a\u0303o alimentar. Quando ocorre a diminui\u00e7\u00e3o da[&hellip;]<\/p>\n\t\t\t\t\t<a class=\"button blue small\" href=\"https:\/\/luanacunhaadv.com.br\/?p=94\">\n\t\t\t\t\t\t<span data-theme=\"one_page_express_latest_news_read_more\">Read more<\/span>\n\t\t\t\t\t<\/a>\n\t\t\t\t\t<hr class=\"blog-separator\">\n<div class=\"post-header\">\n    <i class=\"font-icon-post fa fa-user\"><\/i>\n    <a href=\"https:\/\/luanacunhaadv.com.br\/?author=2\" title=\"Posts de Luana Cunha Geodlin\" rel=\"author\">Luana Cunha Geodlin<\/a>    <i class=\"font-icon-post fa fa-calendar\"><\/i>\n    <span class=\"span12\">27 de janeiro de 2021<\/span>\n\n    <i class=\"font-icon-post fa fa-comment-o\"><\/i>\n    <span>0<\/span>\n<\/div>\t\t\t\t<\/div>\n\t\t\t<\/div>\n\t\t<\/div>\n\t\t\t\t<div id=\"post-91\" class=\"blog-postcol cp4cols\">\n\t\t\t<div class=\"post-content\">\n\t\t\t\t\t\t\t\t<div class=\"row_345\">\n\t\t\t\t\t<h3 class=\"blog-title\">\n\t\t\t\t\t\t<a href=\"https:\/\/luanacunhaadv.com.br\/?p=91\" rel=\"bookmark\">\n\t\t\t\t\t\t\tQual a idade que exonera a pens\u00e3o aliment\u00edcia?\t\t\t\t\t\t<\/a>\n\t\t\t\t\t<\/h3>\n\t\t\t\t\t<p>Muitas pessoas pensam que a pens\u00e3o aliment\u00edcia termina quando o filho atinge os 18 anos de idade, se equivocando que haja a cessa\u00e7ao de forma autom\u00e1tica. A pens\u00e3o aliment\u00edcia somente[&hellip;]<\/p>\n\t\t\t\t\t<a class=\"button blue small\" href=\"https:\/\/luanacunhaadv.com.br\/?p=91\">\n\t\t\t\t\t\t<span data-theme=\"one_page_express_latest_news_read_more\">Read more<\/span>\n\t\t\t\t\t<\/a>\n\t\t\t\t\t<hr class=\"blog-separator\">\n<div class=\"post-header\">\n    <i class=\"font-icon-post fa fa-user\"><\/i>\n    <a href=\"https:\/\/luanacunhaadv.com.br\/?author=2\" title=\"Posts de Luana Cunha Geodlin\" rel=\"author\">Luana Cunha Geodlin<\/a>    <i class=\"font-icon-post fa fa-calendar\"><\/i>\n    <span class=\"span12\">26 de janeiro de 2021<\/span>\n\n    <i class=\"font-icon-post fa fa-comment-o\"><\/i>\n    <span>0<\/span>\n<\/div>\t\t\t\t<\/div>\n\t\t\t<\/div>\n\t\t<\/div>\n\t\t\t\t<div id=\"post-87\" class=\"blog-postcol cp4cols\">\n\t\t\t<div class=\"post-content\">\n\t\t\t\t\t\t\t\t<div class=\"row_345\">\n\t\t\t\t\t<h3 class=\"blog-title\">\n\t\t\t\t\t\t<a href=\"https:\/\/luanacunhaadv.com.br\/?p=87\" rel=\"bookmark\">\n\t\t\t\t\t\t\tDecis\u00e3o de Tribunal\t\t\t\t\t\t<\/a>\n\t\t\t\t\t<\/h3>\n\t\t\t\t\t<p>A 8\u00aa C\u00e2mara C\u00edvel do Tribunal de Justi\u00e7a do Rio Grande do Sul reconheceu uni\u00e3o est\u00e1vel paralela ao casamento e admitiu a partilha de bens que foram adquiridos durante a[&hellip;]<\/p>\n\t\t\t\t\t<a class=\"button blue small\" href=\"https:\/\/luanacunhaadv.com.br\/?p=87\">\n\t\t\t\t\t\t<span data-theme=\"one_page_express_latest_news_read_more\">Read more<\/span>\n\t\t\t\t\t<\/a>\n\t\t\t\t\t<hr class=\"blog-separator\">\n<div class=\"post-header\">\n    <i class=\"font-icon-post fa fa-user\"><\/i>\n    <a href=\"https:\/\/luanacunhaadv.com.br\/?author=2\" title=\"Posts de Luana Cunha Geodlin\" rel=\"author\">Luana Cunha Geodlin<\/a>    <i class=\"font-icon-post fa fa-calendar\"><\/i>\n    <span class=\"span12\">26 de janeiro de 2021<\/span>\n\n    <i class=\"font-icon-post fa fa-comment-o\"><\/i>\n    <span>1<\/span>\n<\/div>\t\t\t\t<\/div>\n\t\t\t<\/div>\n\t\t<\/div>\n\t\t<\/div> <div  class=\"blog-textcol\"> <a  class=\"button blue\" data-attr-shortcode=\"href:one_page_express_blog_link\" href=\"https:\/\/luanacunhaadv.com.br\/?page_id=8\">SEE ALL BLOG POSTS<\/a> <\/div> <\/div><\/div>","protected":false},"excerpt":{"rendered":"<p>Div\u00f3rcios Solu\u00e7\u00f5es r\u00e1pidas para div\u00f3rcios concensuais (amig\u00e1veis) e litigiosos (jur\u00eddicos) Pens\u00e3o Aliment\u00edcia Solicita\u00e7\u00e3o de quantia para manuten\u00e7\u00e3o dos filhos e revis\u00e3o de valores fixados Regulamenta\u00e7\u00e3o de Guardas e Visitas Acordos para regulamenta\u00e7\u00e3o da rotina e conviv\u00eancia de filhos(as) e pais Invent\u00e1rios e Testamentos Levantamento de bens e valores ap\u00f3s falecimento e procedimento de partilha; elabora\u00e7\u00e3o&hellip; <br \/> <a class=\"button small blue\" href=\"https:\/\/luanacunhaadv.com.br\/?p=87\">Leia mais<\/a><\/p>\n","protected":false},"author":1,"featured_media":0,"parent":0,"menu_order":0,"comment_status":"closed","ping_status":"closed","template":"","meta":{"footnotes":""},"class_list":["post-43","page","type-page","status-publish","hentry"],"_links":{"self":[{"href":"https:\/\/luanacunhaadv.com.br\/index.php?rest_route=\/wp\/v2\/pages\/43","targetHints":{"allow":["GET"]}}],"collection":[{"href":"https:\/\/luanacunhaadv.com.br\/index.php?rest_route=\/wp\/v2\/pages"}],"about":[{"href":"https:\/\/luanacunhaadv.com.br\/index.php?rest_route=\/wp\/v2\/types\/page"}],"author":[{"embeddable":true,"href":"https:\/\/luanacunhaadv.com.br\/index.php?rest_route=\/wp\/v2\/users\/1"}],"replies":[{"embeddable":true,"href":"https:\/\/luanacunhaadv.com.br\/index.php?rest_route=%2Fwp%2Fv2%2Fcomments&post=43"}],"version-history":[{"count":11,"href":"https:\/\/luanacunhaadv.com.br\/index.php?rest_route=\/wp\/v2\/pages\/43\/revisions"}],"predecessor-version":[{"id":105,"href":"https:\/\/luanacunhaadv.com.br\/index.php?rest_route=\/wp\/v2\/pages\/43\/revisions\/105"}],"wp:attachment":[{"href":"https:\/\/luanacunhaadv.com.br\/index.php?rest_route=%2Fwp%2Fv2%2Fmedia&parent=43"}],"curies":[{"name":"wp","href":"https:\/\/api.w.org\/{rel}","templated":true}]}}